{"id":17288,"date":"2016-06-02T14:21:21","date_gmt":"2016-06-02T12:21:21","guid":{"rendered":"http:\/\/www.triplex.pl\/en\/?page_id=17288"},"modified":"2018-02-20T13:03:36","modified_gmt":"2018-02-20T12:03:36","slug":"fireworks-displays","status":"publish","type":"page","link":"https:\/\/www.triplex.pl\/en\/fireworks-displays\/","title":{"rendered":"Fireworks Displays"},"content":{"rendered":"<p>[vc_row full_width=&#8221;stretch_row_content_no_spaces&#8221;][vc_column]\n\t\t\t<!-- START Pokazy Indywidualne REVOLUTION SLIDER 6.5.19 --><p class=\"rs-p-wp-fix\"><\/p>\n\t\t\t<rs-module-wrap id=\"rev_slider_1_1_wrapper\" data-source=\"gallery\" style=\"visibility:hidden;background:#EEeeee;padding:0;margin:0px auto;margin-top:0;margin-bottom:0;\">\n\t\t\t\t<rs-module id=\"rev_slider_1_1\" style=\"\" data-version=\"6.5.19\">\n\t\t\t\t\t<rs-slides>\n\t\t\t\t\t\t<rs-slide style=\"position: absolute;\" data-key=\"rs-3\" data-title=\"Slide3\" data-duration=\"1500\" data-anim=\"ms:random;r:0;e:slidingoverlay;\" data-in=\"y:-100%;\">\n\t\t\t\t\t\t\t<img loading=\"lazy\" decoding=\"async\" src=\"\/\/www.triplex.pl\/wp-content\/plugins\/revslider\/public\/assets\/assets\/dummy.png\" alt=\"\" title=\"ustka 1a\" width=\"676\" height=\"370\" class=\"rev-slidebg tp-rs-img rs-lazyload\" data-lazyload=\"\/\/www.triplex.pl\/wp-content\/uploads\/2016\/07\/ustka-1a.jpg\" data-bg=\"p:center bottom;\" data-parallax=\"1\" data-no-retina>\n<!---->\t\t\t\t\t\t<\/rs-slide>\n\t\t\t\t\t\t<rs-slide style=\"position: absolute;\" data-key=\"rs-8\" data-title=\"Slide3\" data-duration=\"3000\" data-anim=\"ms:default,300,default;r:0,0;f:nodelay;\" data-filter=\"b:2;\" data-in=\"o:0;sx:1.5;sy:1.2;m:true;row:d,7,d;col:6;\" data-alttrans=\"random,crossfade\">\n\t\t\t\t\t\t\t<img loading=\"lazy\" decoding=\"async\" src=\"\/\/www.triplex.pl\/wp-content\/plugins\/revslider\/public\/assets\/assets\/dummy.png\" alt=\"\" title=\"ustka 2a\" width=\"676\" height=\"370\" class=\"rev-slidebg tp-rs-img rs-lazyload\" data-lazyload=\"\/\/www.triplex.pl\/wp-content\/uploads\/2016\/07\/ustka-2a.jpg\" data-bg=\"p:center bottom;\" data-parallax=\"1\" data-no-retina>\n<!---->\t\t\t\t\t\t<\/rs-slide>\n\t\t\t\t\t\t<rs-slide style=\"position: absolute;\" data-key=\"rs-9\" data-title=\"Slide3\" data-duration=\"3000\" data-anim=\"ms:default,300,default;r:0,0;f:nodelay;\" data-filter=\"b:2;\" data-in=\"o:0;sx:1.5;sy:1.2;m:true;row:d,7,d;col:6;\" data-alttrans=\"random,crossfade\">\n\t\t\t\t\t\t\t<img loading=\"lazy\" decoding=\"async\" src=\"\/\/www.triplex.pl\/wp-content\/plugins\/revslider\/public\/assets\/assets\/dummy.png\" alt=\"\" title=\"ustka 3a\" width=\"676\" height=\"370\" class=\"rev-slidebg tp-rs-img rs-lazyload\" data-lazyload=\"\/\/www.triplex.pl\/wp-content\/uploads\/2016\/07\/ustka-3a.jpg\" data-bg=\"p:center bottom;\" data-parallax=\"1\" data-no-retina>\n<!---->\t\t\t\t\t\t<\/rs-slide>\n\t\t\t\t\t\t<rs-slide style=\"position: absolute;\" data-key=\"rs-10\" data-title=\"Slide3\" data-duration=\"3000\" data-anim=\"ms:default,300,default;r:0,0;f:nodelay;\" data-filter=\"b:2;\" data-in=\"o:0;sx:1.5;sy:1.2;m:true;row:d,7,d;col:6;\" data-alttrans=\"random,crossfade\">\n\t\t\t\t\t\t\t<img loading=\"lazy\" decoding=\"async\" src=\"\/\/www.triplex.pl\/wp-content\/plugins\/revslider\/public\/assets\/assets\/dummy.png\" alt=\"\" title=\"ustka 4a\" width=\"676\" height=\"370\" class=\"rev-slidebg tp-rs-img rs-lazyload\" data-lazyload=\"\/\/www.triplex.pl\/wp-content\/uploads\/2016\/07\/ustka-4a.jpg\" data-bg=\"p:center bottom;\" data-parallax=\"1\" data-no-retina>\n<!---->\t\t\t\t\t\t<\/rs-slide>\n\t\t\t\t\t<\/rs-slides>\n\t\t\t\t<\/rs-module>\n\t\t\t\t<script>\n\t\t\t\t\tsetREVStartSize({c: 'rev_slider_1_1',rl:[1240,1024,778,480],el:[370],gw:[1920],gh:[370],type:'standard',justify:'',layout:'fullwidth',mh:\"370\"});if (window.RS_MODULES!==undefined && window.RS_MODULES.modules!==undefined && window.RS_MODULES.modules[\"revslider11\"]!==undefined) {window.RS_MODULES.modules[\"revslider11\"].once = false;window.revapi1 = undefined;if (window.RS_MODULES.checkMinimal!==undefined) window.RS_MODULES.checkMinimal()}\n\t\t\t\t<\/script>\n\t\t\t<\/rs-module-wrap>\n\t\t\t<!-- END REVOLUTION SLIDER -->\n[\/vc_column][\/vc_row][vc_row gap=&#8221;35&#8243; css=&#8221;.vc_custom_1468076087721{padding-top: 30px !important;}&#8221;][vc_column width=&#8221;1\/3&#8243;][vc_single_image image=&#8221;13597&#8243; img_size=&#8221;full&#8221; alignment=&#8221;center&#8221; onclick=&#8221;custom_link&#8221; css=&#8221;.vc_custom_1519127999092{margin-bottom: -1px !important;}&#8221; link=&#8221;\/fireworks-displays\/pyromusicals\/&#8221;][vc_column_text el_class=&#8221;nazwa-pokazy-ind&#8221; css=&#8221;.vc_custom_1519128032493{margin-top: 0px !important;}&#8221;]<a href=\"https:\/\/www.triplex.pl\/en\/fireworks-displays\/pyromusicals\/\">PYROMUSICALS<\/a>[\/vc_column_text][\/vc_column][vc_column width=&#8221;1\/3&#8243;][vc_single_image image=&#8221;13601&#8243; img_size=&#8221;full&#8221; alignment=&#8221;center&#8221; onclick=&#8221;custom_link&#8221; css=&#8221;.vc_custom_1519128090075{margin-bottom: -1px !important;}&#8221; link=&#8221;\/fireworks-displays\/fireworks-displays-for-events\/&#8221;][vc_column_text el_class=&#8221;nazwa-pokazy-ind&#8221; css=&#8221;.vc_custom_1519128119914{margin-top: 0px !important;}&#8221;]<a href=\"https:\/\/www.triplex.pl\/en\/fireworks-displays\/fireworks-displays-for-events\/\">FIREWORKS FOR EVENTS<\/a>[\/vc_column_text][\/vc_column][vc_column width=&#8221;1\/3&#8243;][vc_single_image image=&#8221;13629&#8243; img_size=&#8221;full&#8221; alignment=&#8221;center&#8221; onclick=&#8221;custom_link&#8221; css=&#8221;.vc_custom_1519128152373{margin-bottom: -1px !important;}&#8221; link=&#8221;\/fireworks-displays\/fireworks-display-for-party\/&#8221;][vc_column_text el_class=&#8221;nazwa-pokazy-ind&#8221; css=&#8221;.vc_custom_1519128164121{margin-top: 0px !important;}&#8221;]<a href=\"https:\/\/www.triplex.pl\/en\/fireworks-displays\/fireworks-display-for-party\/\">FIREWORKS FOR PRIVATE CEREMONIES<\/a>[\/vc_column_text][\/vc_column][\/vc_row][vc_row gap=&#8221;35&#8243; css=&#8221;.vc_custom_1468076087721{padding-top: 30px !important;}&#8221;][vc_column width=&#8221;1\/3&#8243;][vc_single_image image=&#8221;13633&#8243; img_size=&#8221;full&#8221; alignment=&#8221;center&#8221; onclick=&#8221;custom_link&#8221; css=&#8221;.vc_custom_1519127911332{margin-bottom: -1px !important;}&#8221; link=&#8221;\/fireworks-displays\/self-service-sets\/&#8221;][vc_column_text el_class=&#8221;nazwa-pokazy-ind&#8221; css=&#8221;.vc_custom_1519127970929{margin-top: 0px !important;}&#8221;]<a href=\"https:\/\/www.triplex.pl\/en\/fireworks-displays\/self-service-sets\/\">SELF-SERVICE SETS<\/a>[\/vc_column_text][\/vc_column][vc_column width=&#8221;1\/3&#8243;][vc_single_image image=&#8221;13605&#8243; img_size=&#8221;full&#8221; alignment=&#8221;center&#8221; onclick=&#8221;custom_link&#8221; css=&#8221;.vc_custom_1519127870118{margin-bottom: -1px !important;}&#8221; link=&#8221;\/fireworks-displays\/stage-fireworks\/&#8221;][vc_column_text el_class=&#8221;nazwa-pokazy-ind&#8221; css=&#8221;.vc_custom_1519127857896{margin-top: 0px !important;}&#8221;]<a href=\"https:\/\/www.triplex.pl\/en\/fireworks-displays\/stage-fireworks\/\">STAGE FIREWORKS<\/a>[\/vc_column_text][\/vc_column][vc_column width=&#8221;1\/3&#8243;][vc_single_image image=&#8221;13613&#8243; img_size=&#8221;full&#8221; alignment=&#8221;center&#8221; onclick=&#8221;custom_link&#8221; css=&#8221;.vc_custom_1519128199832{margin-bottom: -1px !important;}&#8221; link=&#8221;\/fireworks-displays\/confetti-bubbles\/&#8221;][vc_column_text el_class=&#8221;nazwa-pokazy-ind&#8221; css=&#8221;.vc_custom_1519128212145{margin-top: 0px !important;}&#8221;]<a href=\"https:\/\/www.triplex.pl\/en\/fireworks-displays\/confetti-bubbles\/\">CONFETTI, BUBBLES\u00a0<\/a>[\/vc_column_text][\/vc_column][\/vc_row][vc_row gap=&#8221;35&#8243; css=&#8221;.vc_custom_1468076087721{padding-top: 30px !important;}&#8221;][vc_column width=&#8221;1\/3&#8243;][vc_single_image image=&#8221;13617&#8243; img_size=&#8221;full&#8221; alignment=&#8221;center&#8221; onclick=&#8221;custom_link&#8221; css=&#8221;.vc_custom_1519127526101{margin-bottom: -1px !important;}&#8221; link=&#8221;\/fireworks-displays\/lampiony\/&#8221;][vc_column_text el_class=&#8221;nazwa-pokazy-ind&#8221; css=&#8221;.vc_custom_1519127550207{margin-top: 0px !important;}&#8221;]<a href=\"https:\/\/www.triplex.pl\/en\/fireworks-displays\/lampiony\/\">LANTERNS<\/a>[\/vc_column_text][\/vc_column][vc_column width=&#8221;1\/3&#8243;][vc_single_image image=&#8221;13621&#8243; img_size=&#8221;full&#8221; alignment=&#8221;center&#8221; onclick=&#8221;custom_link&#8221; css=&#8221;.vc_custom_1519127480354{margin-bottom: -1px !important;}&#8221; link=&#8221;\/fireworks-displays\/day-shows\/&#8221;][vc_column_text el_class=&#8221;nazwa-pokazy-ind&#8221; css=&#8221;.vc_custom_1519127490017{margin-top: 0px !important;}&#8221;]<a href=\"https:\/\/www.triplex.pl\/en\/fireworks-displays\/day-shows\/\">DAYTIME FIREWORKS<\/a>[\/vc_column_text][\/vc_column][vc_column width=&#8221;1\/3&#8243;][vc_single_image image=&#8221;16298&#8243; img_size=&#8221;full&#8221; alignment=&#8221;center&#8221; onclick=&#8221;custom_link&#8221; css=&#8221;.vc_custom_1519127456047{margin-bottom: -1px !important;}&#8221; link=&#8221;\/fireworks-displays\/water-shows\/&#8221;][vc_column_text el_class=&#8221;nazwa-pokazy-ind&#8221; css=&#8221;.vc_custom_1519127449622{margin-top: 0px !important;}&#8221;]<a href=\"https:\/\/www.triplex.pl\/en\/fireworks-displays\/water-shows\/\">WATER-BASED FIREWORKS<\/a>[\/vc_column_text][\/vc_column][\/vc_row][vc_row][vc_column][vc_column_text]<\/p>\n<h2 style=\"text-align: center;\">Our reference<\/h2>\n<p>[\/vc_column_text][vc_row_inner][vc_column_inner offset=&#8221;vc_hidden-sm vc_col-xs-12 vc_hidden-xs&#8221;][vc_images_carousel images=&#8221;15169,15165,15161,15157,15153,15149,15145&#8243; img_size=&#8221;full&#8221; slides_per_view=&#8221;3&#8243; hide_pagination_control=&#8221;yes&#8221; partial_view=&#8221;yes&#8221; wrap=&#8221;yes&#8221; el_class=&#8221;referencje-galeria&#8221;][\/vc_column_inner][\/vc_row_inner][vc_row_inner][vc_column_inner offset=&#8221;vc_hidden-lg vc_hidden-md vc_col-xs-12&#8243;][vc_images_carousel images=&#8221;15169,15165,15161,15157,15153,15149,15145&#8243; img_size=&#8221;full&#8221; slides_per_view=&#8221;2&#8243; hide_pagination_control=&#8221;yes&#8221; wrap=&#8221;yes&#8221; el_class=&#8221;referencje-galeria&#8221;][\/vc_column_inner][\/vc_row_inner][\/vc_column][\/vc_row][vc_row][vc_column][vc_column_text]<\/p>\n<h2 style=\"text-align: center;\">Are you interested? Write to us!<\/h2>\n<p>[\/vc_column_text]\n<div class=\"wpcf7 no-js\" id=\"wpcf7-f24092-o1\" lang=\"pl-PL\" dir=\"ltr\" data-wpcf7-id=\"24092\">\n<div class=\"screen-reader-response\"><p role=\"status\" aria-live=\"polite\" aria-atomic=\"true\"><\/p> <ul><\/ul><\/div>\n<form action=\"\/en\/wp-json\/wp\/v2\/pages\/17288#wpcf7-f24092-o1\" method=\"post\" class=\"wpcf7-form init\" aria-label=\"Formularz kontaktowy\" novalidate=\"novalidate\" data-status=\"init\">\n<fieldset class=\"hidden-fields-container\"><input type=\"hidden\" name=\"_wpcf7\" value=\"24092\" \/><input type=\"hidden\" name=\"_wpcf7_version\" value=\"6.1.5\" \/><input type=\"hidden\" name=\"_wpcf7_locale\" value=\"pl_PL\" \/><input type=\"hidden\" name=\"_wpcf7_unit_tag\" value=\"wpcf7-f24092-o1\" \/><input type=\"hidden\" name=\"_wpcf7_container_post\" value=\"0\" \/><input type=\"hidden\" name=\"_wpcf7_posted_data_hash\" value=\"\" \/><input type=\"hidden\" name=\"_wpcf7_recaptcha_response\" value=\"\" \/>\n<\/fieldset>\n<div class=\"wpb_column vc_column_container vc_col-sm-4 display-inline-desktop\">\n\t<p class=\"label-title\">Name and surname \/ Company*\n\t<\/p>\n\t<p><span class=\"wpcf7-form-control-wrap\" data-name=\"your-name\"><input size=\"40\" maxlength=\"400\" class=\"wpcf7-form-control wpcf7-text wpcf7-validates-as-required\" aria-required=\"true\" aria-invalid=\"false\" value=\"\" type=\"text\" name=\"your-name\" \/><\/span>\n\t<\/p>\n<\/div>\n<div class=\"wpb_column vc_column_container vc_col-sm-4 display-inline-desktop\">\n\t<p class=\"label-title\">Email adress*\n\t<\/p>\n\t<p><span class=\"wpcf7-form-control-wrap\" data-name=\"your-email\"><input size=\"40\" maxlength=\"400\" class=\"wpcf7-form-control wpcf7-email wpcf7-validates-as-required wpcf7-text wpcf7-validates-as-email\" aria-required=\"true\" aria-invalid=\"false\" value=\"\" type=\"email\" name=\"your-email\" \/><\/span>\n\t<\/p>\n<\/div>\n<div class=\"wpb_column vc_column_container vc_col-sm-4 display-inline-desktop\">\n\t<p class=\"label-title\">Category\n\t<\/p>\n\t<p><span class=\"wpcf7-form-control-wrap\" data-name=\"menu-604\"><select class=\"wpcf7-form-control wpcf7-select wpcf7-validates-as-required\" aria-required=\"true\" aria-invalid=\"false\" name=\"menu-604\"><option value=\"\">&#8212;Prosz\u0119 wybra\u0107 opcj\u0119&#8212;<\/option><option value=\"PYROMUSICALS\">PYROMUSICALS<\/option><option value=\"FIREWORKS FOR EVENTS\">FIREWORKS FOR EVENTS<\/option><option value=\"FIREWORKS FOR PRIVATE CEREMONIES\">FIREWORKS FOR PRIVATE CEREMONIES<\/option><option value=\"SELF-SERVICE SETS\">SELF-SERVICE SETS<\/option><option value=\"STAGE FIREWORKS\">STAGE FIREWORKS<\/option><option value=\"CONFETTI, BUBBLES\">CONFETTI, BUBBLES<\/option><option value=\"LANTERNS\">LANTERNS<\/option><option value=\"DAYTIME FIREWORKS\">DAYTIME FIREWORKS<\/option><option value=\"WATER-BASED FIREWORKS\">WATER-BASED FIREWORKS<\/option><\/select><\/span>\n\t<\/p>\n<\/div>\n<div style=\"clear:both;\">\n<\/div>\n<div class=\"wpb_column vc_column_container vc_col-sm-12\">\n\t<p class=\"label-title\">Message\n\t<\/p>\n\t<p><span class=\"wpcf7-form-control-wrap\" data-name=\"your-message\"><textarea cols=\"40\" rows=\"10\" maxlength=\"2000\" class=\"wpcf7-form-control wpcf7-textarea\" aria-invalid=\"false\" name=\"your-message\"><\/textarea><\/span>\n\t<\/p>\n<\/div>\n<div style=\"clear:both;\">\n<\/div>\n<div class=\"wpb_column vc_column_container vc_col-sm-4\">\n\t<p><input class=\"wpcf7-form-control wpcf7-submit has-spinner\" type=\"submit\" value=\"Send\" \/>\n\t<\/p>\n<\/div><div class=\"wpcf7-response-output\" aria-hidden=\"true\"><\/div>\n<\/form>\n<\/div>\n[\/vc_column][\/vc_row][vc_column][\/vc_column]<\/p>\n","protected":false},"excerpt":{"rendered":"<p>[vc_row full_width=&#8221;stretch_row_content_no_spaces&#8221;][vc_column][\/vc_column][\/vc_row][vc_row gap=&#8221;35&#8243; css=&#8221;.vc_custom_1468076087721{padding-top: 30px !important;}&#8221;][vc_column width=&#8221;1\/3&#8243;][vc_single_image image=&#8221;13597&#8243; img_size=&#8221;full&#8221; alignment=&#8221;center&#8221; onclick=&#8221;custom_link&#8221; css=&#8221;.vc_custom_1519127999092{margin-bottom: -1px !important;}&#8221; link=&#8221;\/fireworks-displays\/pyromusicals\/&#8221;][vc_column_text el_class=&#8221;nazwa-pokazy-ind&#8221; css=&#8221;.vc_custom_1519128032493{margin-top: 0px !important;}&#8221;]PYROMUSICALS[\/vc_column_text][\/vc_column][vc_column width=&#8221;1\/3&#8243;][vc_single_image image=&#8221;13601&#8243; img_size=&#8221;full&#8221; alignment=&#8221;center&#8221; onclick=&#8221;custom_link&#8221; css=&#8221;.vc_custom_1519128090075{margin-bottom: -1px !important;}&#8221; link=&#8221;\/fireworks-displays\/fireworks-displays-for-events\/&#8221;][vc_column_text el_class=&#8221;nazwa-pokazy-ind&#8221; css=&#8221;.vc_custom_1519128119914{margin-top: 0px !important;}&#8221;]FIREWORKS FOR EVENTS[\/vc_column_text][\/vc_column][vc_column width=&#8221;1\/3&#8243;][vc_single_image image=&#8221;13629&#8243; img_size=&#8221;full&#8221; alignment=&#8221;center&#8221; onclick=&#8221;custom_link&#8221; css=&#8221;.vc_custom_1519128152373{margin-bottom: &hellip; <a href=\"https:\/\/www.triplex.pl\/en\/fireworks-displays\/\">Readmore<\/a><\/p>\n","protected":false},"author":3,"featured_media":0,"parent":0,"menu_order":0,"comment_status":"closed","ping_status":"closed","template":"page-home.php","meta":{"footnotes":""},"class_list":["post-17288","page","type-page","status-publish","hentry"],"yoast_head":"<!-- This site is optimized with the Yoast SEO plugin v27.3 - https:\/\/yoast.com\/product\/yoast-seo-wordpress\/ -->\n<title>Fireworks Displays - Triplex Pyrotechnics - fireworks, fireworks display, crackers, confetti<\/title>\n<meta name=\"robots\" content=\"index, follow, max-snippet:-1, max-image-preview:large, max-video-preview:-1\" \/>\n<link rel=\"canonical\" href=\"https:\/\/www.triplex.pl\/en\/fireworks-displays\/\" \/>\n<meta property=\"og:locale\" content=\"en_US\" \/>\n<meta property=\"og:type\" content=\"article\" \/>\n<meta property=\"og:title\" content=\"Fireworks Displays - Triplex Pyrotechnics - fireworks, fireworks display, crackers, confetti\" \/>\n<meta property=\"og:description\" content=\"[vc_row full_width=&#8221;stretch_row_content_no_spaces&#8221;][vc_column][\/vc_column][\/vc_row][vc_row gap=&#8221;35&#8243; css=&#8221;.vc_custom_1468076087721{padding-top: 30px !important;}&#8221;][vc_column width=&#8221;1\/3&#8243;][vc_single_image image=&#8221;13597&#8243; img_size=&#8221;full&#8221; alignment=&#8221;center&#8221; onclick=&#8221;custom_link&#8221; css=&#8221;.vc_custom_1519127999092{margin-bottom: -1px !important;}&#8221; link=&#8221;\/fireworks-displays\/pyromusicals\/&#8221;][vc_column_text el_class=&#8221;nazwa-pokazy-ind&#8221; css=&#8221;.vc_custom_1519128032493{margin-top: 0px !important;}&#8221;]PYROMUSICALS[\/vc_column_text][\/vc_column][vc_column width=&#8221;1\/3&#8243;][vc_single_image image=&#8221;13601&#8243; img_size=&#8221;full&#8221; alignment=&#8221;center&#8221; onclick=&#8221;custom_link&#8221; css=&#8221;.vc_custom_1519128090075{margin-bottom: -1px !important;}&#8221; link=&#8221;\/fireworks-displays\/fireworks-displays-for-events\/&#8221;][vc_column_text el_class=&#8221;nazwa-pokazy-ind&#8221; css=&#8221;.vc_custom_1519128119914{margin-top: 0px !important;}&#8221;]FIREWORKS FOR EVENTS[\/vc_column_text][\/vc_column][vc_column width=&#8221;1\/3&#8243;][vc_single_image image=&#8221;13629&#8243; img_size=&#8221;full&#8221; alignment=&#8221;center&#8221; onclick=&#8221;custom_link&#8221; css=&#8221;.vc_custom_1519128152373{margin-bottom: &hellip; Readmore\" \/>\n<meta property=\"og:url\" content=\"https:\/\/www.triplex.pl\/en\/fireworks-displays\/\" \/>\n<meta property=\"og:site_name\" content=\"Triplex Pyrotechnics - fireworks, fireworks display, crackers, confetti\" \/>\n<meta property=\"article:publisher\" content=\"https:\/\/www.facebook.com\/TriplexFajerwerki\" \/>\n<meta property=\"article:modified_time\" content=\"2018-02-20T12:03:36+00:00\" \/>\n<meta name=\"twitter:card\" content=\"summary_large_image\" \/>\n<meta name=\"twitter:label1\" content=\"Est. reading time\" \/>\n\t<meta name=\"twitter:data1\" content=\"3 minutes\" \/>\n<script type=\"application\/ld+json\" class=\"yoast-schema-graph\">{\"@context\":\"https:\\\/\\\/schema.org\",\"@graph\":[{\"@type\":\"WebPage\",\"@id\":\"https:\\\/\\\/www.triplex.pl\\\/en\\\/fireworks-displays\\\/\",\"url\":\"https:\\\/\\\/www.triplex.pl\\\/en\\\/fireworks-displays\\\/\",\"name\":\"Fireworks Displays - Triplex Pyrotechnics - fireworks, fireworks display, crackers, confetti\",\"isPartOf\":{\"@id\":\"https:\\\/\\\/www.triplex.pl\\\/#website\"},\"datePublished\":\"2016-06-02T12:21:21+00:00\",\"dateModified\":\"2018-02-20T12:03:36+00:00\",\"breadcrumb\":{\"@id\":\"https:\\\/\\\/www.triplex.pl\\\/en\\\/fireworks-displays\\\/#breadcrumb\"},\"inLanguage\":\"en-US\",\"potentialAction\":[{\"@type\":\"ReadAction\",\"target\":[\"https:\\\/\\\/www.triplex.pl\\\/en\\\/fireworks-displays\\\/\"]}]},{\"@type\":\"BreadcrumbList\",\"@id\":\"https:\\\/\\\/www.triplex.pl\\\/en\\\/fireworks-displays\\\/#breadcrumb\",\"itemListElement\":[{\"@type\":\"ListItem\",\"position\":1,\"name\":\"Strona g\u0142\u00f3wna\",\"item\":\"https:\\\/\\\/www.triplex.pl\\\/en\\\/\"},{\"@type\":\"ListItem\",\"position\":2,\"name\":\"Fireworks Displays\"}]},{\"@type\":\"WebSite\",\"@id\":\"https:\\\/\\\/www.triplex.pl\\\/#website\",\"url\":\"https:\\\/\\\/www.triplex.pl\\\/\",\"name\":\"Triplex Pyrotechnics - fireworks, fireworks display, crackers, confetti\",\"description\":\"Triplex Pyrotechnics - fireworks, fireworks display, crackers, confetti\",\"publisher\":{\"@id\":\"https:\\\/\\\/www.triplex.pl\\\/#organization\"},\"potentialAction\":[{\"@type\":\"SearchAction\",\"target\":{\"@type\":\"EntryPoint\",\"urlTemplate\":\"https:\\\/\\\/www.triplex.pl\\\/?s={search_term_string}\"},\"query-input\":{\"@type\":\"PropertyValueSpecification\",\"valueRequired\":true,\"valueName\":\"search_term_string\"}}],\"inLanguage\":\"en-US\"},{\"@type\":\"Organization\",\"@id\":\"https:\\\/\\\/www.triplex.pl\\\/#organization\",\"name\":\"Triplex Sp z o.o.\",\"url\":\"https:\\\/\\\/www.triplex.pl\\\/\",\"logo\":{\"@type\":\"ImageObject\",\"inLanguage\":\"en-US\",\"@id\":\"https:\\\/\\\/www.triplex.pl\\\/#\\\/schema\\\/logo\\\/image\\\/\",\"url\":\"https:\\\/\\\/i2.wp.com\\\/www.triplex.pl\\\/wp-content\\\/uploads\\\/2016\\\/03\\\/logo-1.png?fit=244%2C69&ssl=1\",\"contentUrl\":\"https:\\\/\\\/i2.wp.com\\\/www.triplex.pl\\\/wp-content\\\/uploads\\\/2016\\\/03\\\/logo-1.png?fit=244%2C69&ssl=1\",\"width\":244,\"height\":69,\"caption\":\"Triplex Sp z o.o.\"},\"image\":{\"@id\":\"https:\\\/\\\/www.triplex.pl\\\/#\\\/schema\\\/logo\\\/image\\\/\"},\"sameAs\":[\"https:\\\/\\\/www.facebook.com\\\/TriplexFajerwerki\",\"https:\\\/\\\/www.youtube.com\\\/user\\\/TriplexFajerwerki\"]}]}<\/script>\n<!-- \/ Yoast SEO plugin. -->","yoast_head_json":{"title":"Fireworks Displays - Triplex Pyrotechnics - fireworks, fireworks display, crackers, confetti","robots":{"index":"index","follow":"follow","max-snippet":"max-snippet:-1","max-image-preview":"max-image-preview:large","max-video-preview":"max-video-preview:-1"},"canonical":"https:\/\/www.triplex.pl\/en\/fireworks-displays\/","og_locale":"en_US","og_type":"article","og_title":"Fireworks Displays - Triplex Pyrotechnics - fireworks, fireworks display, crackers, confetti","og_description":"[vc_row full_width=&#8221;stretch_row_content_no_spaces&#8221;][vc_column][\/vc_column][\/vc_row][vc_row gap=&#8221;35&#8243; css=&#8221;.vc_custom_1468076087721{padding-top: 30px !important;}&#8221;][vc_column width=&#8221;1\/3&#8243;][vc_single_image image=&#8221;13597&#8243; img_size=&#8221;full&#8221; alignment=&#8221;center&#8221; onclick=&#8221;custom_link&#8221; css=&#8221;.vc_custom_1519127999092{margin-bottom: -1px !important;}&#8221; link=&#8221;\/fireworks-displays\/pyromusicals\/&#8221;][vc_column_text el_class=&#8221;nazwa-pokazy-ind&#8221; css=&#8221;.vc_custom_1519128032493{margin-top: 0px !important;}&#8221;]PYROMUSICALS[\/vc_column_text][\/vc_column][vc_column width=&#8221;1\/3&#8243;][vc_single_image image=&#8221;13601&#8243; img_size=&#8221;full&#8221; alignment=&#8221;center&#8221; onclick=&#8221;custom_link&#8221; css=&#8221;.vc_custom_1519128090075{margin-bottom: -1px !important;}&#8221; link=&#8221;\/fireworks-displays\/fireworks-displays-for-events\/&#8221;][vc_column_text el_class=&#8221;nazwa-pokazy-ind&#8221; css=&#8221;.vc_custom_1519128119914{margin-top: 0px !important;}&#8221;]FIREWORKS FOR EVENTS[\/vc_column_text][\/vc_column][vc_column width=&#8221;1\/3&#8243;][vc_single_image image=&#8221;13629&#8243; img_size=&#8221;full&#8221; alignment=&#8221;center&#8221; onclick=&#8221;custom_link&#8221; css=&#8221;.vc_custom_1519128152373{margin-bottom: &hellip; Readmore","og_url":"https:\/\/www.triplex.pl\/en\/fireworks-displays\/","og_site_name":"Triplex Pyrotechnics - fireworks, fireworks display, crackers, confetti","article_publisher":"https:\/\/www.facebook.com\/TriplexFajerwerki","article_modified_time":"2018-02-20T12:03:36+00:00","twitter_card":"summary_large_image","twitter_misc":{"Est. reading time":"3 minutes"},"schema":{"@context":"https:\/\/schema.org","@graph":[{"@type":"WebPage","@id":"https:\/\/www.triplex.pl\/en\/fireworks-displays\/","url":"https:\/\/www.triplex.pl\/en\/fireworks-displays\/","name":"Fireworks Displays - Triplex Pyrotechnics - fireworks, fireworks display, crackers, confetti","isPartOf":{"@id":"https:\/\/www.triplex.pl\/#website"},"datePublished":"2016-06-02T12:21:21+00:00","dateModified":"2018-02-20T12:03:36+00:00","breadcrumb":{"@id":"https:\/\/www.triplex.pl\/en\/fireworks-displays\/#breadcrumb"},"inLanguage":"en-US","potentialAction":[{"@type":"ReadAction","target":["https:\/\/www.triplex.pl\/en\/fireworks-displays\/"]}]},{"@type":"BreadcrumbList","@id":"https:\/\/www.triplex.pl\/en\/fireworks-displays\/#breadcrumb","itemListElement":[{"@type":"ListItem","position":1,"name":"Strona g\u0142\u00f3wna","item":"https:\/\/www.triplex.pl\/en\/"},{"@type":"ListItem","position":2,"name":"Fireworks Displays"}]},{"@type":"WebSite","@id":"https:\/\/www.triplex.pl\/#website","url":"https:\/\/www.triplex.pl\/","name":"Triplex Pyrotechnics - fireworks, fireworks display, crackers, confetti","description":"Triplex Pyrotechnics - fireworks, fireworks display, crackers, confetti","publisher":{"@id":"https:\/\/www.triplex.pl\/#organization"},"potentialAction":[{"@type":"SearchAction","target":{"@type":"EntryPoint","urlTemplate":"https:\/\/www.triplex.pl\/?s={search_term_string}"},"query-input":{"@type":"PropertyValueSpecification","valueRequired":true,"valueName":"search_term_string"}}],"inLanguage":"en-US"},{"@type":"Organization","@id":"https:\/\/www.triplex.pl\/#organization","name":"Triplex Sp z o.o.","url":"https:\/\/www.triplex.pl\/","logo":{"@type":"ImageObject","inLanguage":"en-US","@id":"https:\/\/www.triplex.pl\/#\/schema\/logo\/image\/","url":"https:\/\/i2.wp.com\/www.triplex.pl\/wp-content\/uploads\/2016\/03\/logo-1.png?fit=244%2C69&ssl=1","contentUrl":"https:\/\/i2.wp.com\/www.triplex.pl\/wp-content\/uploads\/2016\/03\/logo-1.png?fit=244%2C69&ssl=1","width":244,"height":69,"caption":"Triplex Sp z o.o."},"image":{"@id":"https:\/\/www.triplex.pl\/#\/schema\/logo\/image\/"},"sameAs":["https:\/\/www.facebook.com\/TriplexFajerwerki","https:\/\/www.youtube.com\/user\/TriplexFajerwerki"]}]}},"_links":{"self":[{"href":"https:\/\/www.triplex.pl\/en\/wp-json\/wp\/v2\/pages\/17288","targetHints":{"allow":["GET"]}}],"collection":[{"href":"https:\/\/www.triplex.pl\/en\/wp-json\/wp\/v2\/pages"}],"about":[{"href":"https:\/\/www.triplex.pl\/en\/wp-json\/wp\/v2\/types\/page"}],"author":[{"embeddable":true,"href":"https:\/\/www.triplex.pl\/en\/wp-json\/wp\/v2\/users\/3"}],"replies":[{"embeddable":true,"href":"https:\/\/www.triplex.pl\/en\/wp-json\/wp\/v2\/comments?post=17288"}],"version-history":[{"count":0,"href":"https:\/\/www.triplex.pl\/en\/wp-json\/wp\/v2\/pages\/17288\/revisions"}],"wp:attachment":[{"href":"https:\/\/www.triplex.pl\/en\/wp-json\/wp\/v2\/media?parent=17288"}],"curies":[{"name":"wp","href":"https:\/\/api.w.org\/{rel}","templated":true}]}}