{"id":46902,"date":"2022-01-06T15:37:34","date_gmt":"2022-01-06T14:37:34","guid":{"rendered":"https:\/\/www.triplex.pl\/hurtownia\/uncategorized\/txb553-great-choice-for-happy-time-100s-1\/"},"modified":"2022-01-06T15:37:34","modified_gmt":"2022-01-06T14:37:34","slug":"txb553-great-choice-for-happy-time-100s-1","status":"publish","type":"product","link":"https:\/\/www.triplex.pl\/en\/wholesale\/cakes\/f3-category-cakes\/txb553-great-choice-for-happy-time-100s-1\/","title":{"rendered":"TXB553 GREAT CHOICE FOR HAPPY TIME 100S 1&#8243;"},"content":{"rendered":"<div class=\"entry-content-asset\"><iframe loading=\"lazy\" title=\"FAJERWERKI TXB553 GREAT CHOICE FOR HAPPY TIME TRIPLEX FIREWORKS\" width=\"100%\" height=\"529\" src=\"https:\/\/www.youtube.com\/embed\/oWfj7RaqejU?feature=oembed\" frameborder=\"0\" allow=\"accelerometer; autoplay; clipboard-write; encrypted-media; gyroscope; picture-in-picture\" allowfullscreen><\/iframe><\/div>\n","protected":false},"excerpt":{"rendered":"<p>Battery of shot tubes<br \/>\nCE category- F3<br \/>\nShots \u2013 100<br \/>\nDiameter \u2013 1\u2033<br \/>\nPacking- 4\/1<\/p>\n","protected":false},"featured_media":46619,"template":"","meta":[],"product_cat":[18286,10972,10974],"product_tag":[],"class_list":["post-46902","product","type-product","status-publish","has-post-thumbnail","hentry","product_cat-uncategorized","product_cat-cakes","product_cat-f3-category-cakes","pa_czas-s-95-2-en","pa_ilosc-strzalow-100-en","pa_kaliber-cal-1-0-en","pa_kategoria-ce-f3-en","pa_klasa-adr-1-3g-en","pa_opis-mix-effects-en-2","pa_waga-prochu-g-970-en","pa_wymiary-mm-150-300-300-en","pa_zapakowanie-41-en"],"yoast_head":"<!-- This site is optimized with the Yoast SEO plugin v27.3 - https:\/\/yoast.com\/product\/yoast-seo-wordpress\/ -->\n<title>TXB553 GREAT CHOICE FOR HAPPY TIME 100S 1&quot; - f\u0103r\u0103 categorii, battery, &#034;battery categor\u00eda F3&#034; - Triplex Pyrotechnics - fireworks, fireworks display, crackers, confetti<\/title>\n<meta name=\"robots\" content=\"index, follow, max-snippet:-1, max-image-preview:large, max-video-preview:-1\" \/>\n<link rel=\"canonical\" href=\"https:\/\/www.triplex.pl\/en\/wholesale\/cakes\/f3-category-cakes\/txb553-great-choice-for-happy-time-100s-1\/\" \/>\n<meta property=\"og:locale\" content=\"en_US\" \/>\n<meta property=\"og:type\" content=\"article\" \/>\n<meta property=\"og:title\" content=\"TXB553 GREAT CHOICE FOR HAPPY TIME 100S 1&quot; - f\u0103r\u0103 categorii, battery, &#034;battery categor\u00eda F3&#034; - Triplex Pyrotechnics - fireworks, fireworks display, crackers, confetti\" \/>\n<meta property=\"og:description\" content=\"Battery of shot tubes CE category- F3 Shots \u2013 100 Diameter \u2013 1\u2033 Packing- 4\/1\" \/>\n<meta property=\"og:url\" content=\"https:\/\/www.triplex.pl\/en\/wholesale\/cakes\/f3-category-cakes\/txb553-great-choice-for-happy-time-100s-1\/\" \/>\n<meta property=\"og:site_name\" content=\"Triplex Pyrotechnics - fireworks, fireworks display, crackers, confetti\" \/>\n<meta property=\"article:publisher\" content=\"https:\/\/www.facebook.com\/TriplexFajerwerki\" \/>\n<meta property=\"og:image\" content=\"https:\/\/www.triplex.pl\/wp-content\/uploads\/2022\/01\/TXB553-strona.png\" \/>\n\t<meta property=\"og:image:width\" content=\"600\" \/>\n\t<meta property=\"og:image:height\" content=\"600\" \/>\n\t<meta property=\"og:image:type\" content=\"image\/png\" \/>\n<meta name=\"twitter:card\" content=\"summary_large_image\" \/>\n<script type=\"application\/ld+json\" class=\"yoast-schema-graph\">{\"@context\":\"https:\\\/\\\/schema.org\",\"@graph\":[{\"@type\":\"WebPage\",\"@id\":\"https:\\\/\\\/www.triplex.pl\\\/en\\\/wholesale\\\/cakes\\\/f3-category-cakes\\\/txb553-great-choice-for-happy-time-100s-1\\\/\",\"url\":\"https:\\\/\\\/www.triplex.pl\\\/en\\\/wholesale\\\/cakes\\\/f3-category-cakes\\\/txb553-great-choice-for-happy-time-100s-1\\\/\",\"name\":\"TXB553 GREAT CHOICE FOR HAPPY TIME 100S 1\\\" - f\u0103r\u0103 categorii, battery, &#034;battery categor\u00eda F3&#034; - Triplex Pyrotechnics - fireworks, fireworks display, crackers, confetti\",\"isPartOf\":{\"@id\":\"https:\\\/\\\/www.triplex.pl\\\/#website\"},\"primaryImageOfPage\":{\"@id\":\"https:\\\/\\\/www.triplex.pl\\\/en\\\/wholesale\\\/cakes\\\/f3-category-cakes\\\/txb553-great-choice-for-happy-time-100s-1\\\/#primaryimage\"},\"image\":{\"@id\":\"https:\\\/\\\/www.triplex.pl\\\/en\\\/wholesale\\\/cakes\\\/f3-category-cakes\\\/txb553-great-choice-for-happy-time-100s-1\\\/#primaryimage\"},\"thumbnailUrl\":\"https:\\\/\\\/www.triplex.pl\\\/wp-content\\\/uploads\\\/2022\\\/01\\\/TXB553-strona.png\",\"datePublished\":\"2022-01-06T14:37:34+00:00\",\"breadcrumb\":{\"@id\":\"https:\\\/\\\/www.triplex.pl\\\/en\\\/wholesale\\\/cakes\\\/f3-category-cakes\\\/txb553-great-choice-for-happy-time-100s-1\\\/#breadcrumb\"},\"inLanguage\":\"en-US\",\"potentialAction\":[{\"@type\":\"ReadAction\",\"target\":[\"https:\\\/\\\/www.triplex.pl\\\/en\\\/wholesale\\\/cakes\\\/f3-category-cakes\\\/txb553-great-choice-for-happy-time-100s-1\\\/\"]}]},{\"@type\":\"ImageObject\",\"inLanguage\":\"en-US\",\"@id\":\"https:\\\/\\\/www.triplex.pl\\\/en\\\/wholesale\\\/cakes\\\/f3-category-cakes\\\/txb553-great-choice-for-happy-time-100s-1\\\/#primaryimage\",\"url\":\"https:\\\/\\\/www.triplex.pl\\\/wp-content\\\/uploads\\\/2022\\\/01\\\/TXB553-strona.png\",\"contentUrl\":\"https:\\\/\\\/www.triplex.pl\\\/wp-content\\\/uploads\\\/2022\\\/01\\\/TXB553-strona.png\",\"width\":600,\"height\":600},{\"@type\":\"BreadcrumbList\",\"@id\":\"https:\\\/\\\/www.triplex.pl\\\/en\\\/wholesale\\\/cakes\\\/f3-category-cakes\\\/txb553-great-choice-for-happy-time-100s-1\\\/#breadcrumb\",\"itemListElement\":[{\"@type\":\"ListItem\",\"position\":1,\"name\":\"Strona g\u0142\u00f3wna\",\"item\":\"https:\\\/\\\/www.triplex.pl\\\/en\\\/\"},{\"@type\":\"ListItem\",\"position\":2,\"name\":\"Product Catalog\",\"item\":\"https:\\\/\\\/www.triplex.pl\\\/en\\\/wholesale\\\/\"},{\"@type\":\"ListItem\",\"position\":3,\"name\":\"TXB553 GREAT CHOICE FOR HAPPY TIME 100S 1&#8243;\"}]},{\"@type\":\"WebSite\",\"@id\":\"https:\\\/\\\/www.triplex.pl\\\/#website\",\"url\":\"https:\\\/\\\/www.triplex.pl\\\/\",\"name\":\"Triplex Pyrotechnics - fireworks, fireworks display, crackers, confetti\",\"description\":\"Triplex Pyrotechnics - fireworks, fireworks display, crackers, confetti\",\"publisher\":{\"@id\":\"https:\\\/\\\/www.triplex.pl\\\/#organization\"},\"potentialAction\":[{\"@type\":\"SearchAction\",\"target\":{\"@type\":\"EntryPoint\",\"urlTemplate\":\"https:\\\/\\\/www.triplex.pl\\\/?s={search_term_string}\"},\"query-input\":{\"@type\":\"PropertyValueSpecification\",\"valueRequired\":true,\"valueName\":\"search_term_string\"}}],\"inLanguage\":\"en-US\"},{\"@type\":\"Organization\",\"@id\":\"https:\\\/\\\/www.triplex.pl\\\/#organization\",\"name\":\"Triplex Sp z o.o.\",\"url\":\"https:\\\/\\\/www.triplex.pl\\\/\",\"logo\":{\"@type\":\"ImageObject\",\"inLanguage\":\"en-US\",\"@id\":\"https:\\\/\\\/www.triplex.pl\\\/#\\\/schema\\\/logo\\\/image\\\/\",\"url\":\"https:\\\/\\\/i2.wp.com\\\/www.triplex.pl\\\/wp-content\\\/uploads\\\/2016\\\/03\\\/logo-1.png?fit=244%2C69&ssl=1\",\"contentUrl\":\"https:\\\/\\\/i2.wp.com\\\/www.triplex.pl\\\/wp-content\\\/uploads\\\/2016\\\/03\\\/logo-1.png?fit=244%2C69&ssl=1\",\"width\":244,\"height\":69,\"caption\":\"Triplex Sp z o.o.\"},\"image\":{\"@id\":\"https:\\\/\\\/www.triplex.pl\\\/#\\\/schema\\\/logo\\\/image\\\/\"},\"sameAs\":[\"https:\\\/\\\/www.facebook.com\\\/TriplexFajerwerki\",\"https:\\\/\\\/www.youtube.com\\\/user\\\/TriplexFajerwerki\"]}]}<\/script>\n<!-- \/ Yoast SEO plugin. -->","yoast_head_json":{"title":"TXB553 GREAT CHOICE FOR HAPPY TIME 100S 1\" - f\u0103r\u0103 categorii, battery, &#034;battery categor\u00eda F3&#034; - Triplex Pyrotechnics - fireworks, fireworks display, crackers, confetti","robots":{"index":"index","follow":"follow","max-snippet":"max-snippet:-1","max-image-preview":"max-image-preview:large","max-video-preview":"max-video-preview:-1"},"canonical":"https:\/\/www.triplex.pl\/en\/wholesale\/cakes\/f3-category-cakes\/txb553-great-choice-for-happy-time-100s-1\/","og_locale":"en_US","og_type":"article","og_title":"TXB553 GREAT CHOICE FOR HAPPY TIME 100S 1\" - f\u0103r\u0103 categorii, battery, &#034;battery categor\u00eda F3&#034; - Triplex Pyrotechnics - fireworks, fireworks display, crackers, confetti","og_description":"Battery of shot tubes CE category- F3 Shots \u2013 100 Diameter \u2013 1\u2033 Packing- 4\/1","og_url":"https:\/\/www.triplex.pl\/en\/wholesale\/cakes\/f3-category-cakes\/txb553-great-choice-for-happy-time-100s-1\/","og_site_name":"Triplex Pyrotechnics - fireworks, fireworks display, crackers, confetti","article_publisher":"https:\/\/www.facebook.com\/TriplexFajerwerki","og_image":[{"width":600,"height":600,"url":"https:\/\/www.triplex.pl\/wp-content\/uploads\/2022\/01\/TXB553-strona.png","type":"image\/png"}],"twitter_card":"summary_large_image","schema":{"@context":"https:\/\/schema.org","@graph":[{"@type":"WebPage","@id":"https:\/\/www.triplex.pl\/en\/wholesale\/cakes\/f3-category-cakes\/txb553-great-choice-for-happy-time-100s-1\/","url":"https:\/\/www.triplex.pl\/en\/wholesale\/cakes\/f3-category-cakes\/txb553-great-choice-for-happy-time-100s-1\/","name":"TXB553 GREAT CHOICE FOR HAPPY TIME 100S 1\" - f\u0103r\u0103 categorii, battery, &#034;battery categor\u00eda F3&#034; - Triplex Pyrotechnics - fireworks, fireworks display, crackers, confetti","isPartOf":{"@id":"https:\/\/www.triplex.pl\/#website"},"primaryImageOfPage":{"@id":"https:\/\/www.triplex.pl\/en\/wholesale\/cakes\/f3-category-cakes\/txb553-great-choice-for-happy-time-100s-1\/#primaryimage"},"image":{"@id":"https:\/\/www.triplex.pl\/en\/wholesale\/cakes\/f3-category-cakes\/txb553-great-choice-for-happy-time-100s-1\/#primaryimage"},"thumbnailUrl":"https:\/\/www.triplex.pl\/wp-content\/uploads\/2022\/01\/TXB553-strona.png","datePublished":"2022-01-06T14:37:34+00:00","breadcrumb":{"@id":"https:\/\/www.triplex.pl\/en\/wholesale\/cakes\/f3-category-cakes\/txb553-great-choice-for-happy-time-100s-1\/#breadcrumb"},"inLanguage":"en-US","potentialAction":[{"@type":"ReadAction","target":["https:\/\/www.triplex.pl\/en\/wholesale\/cakes\/f3-category-cakes\/txb553-great-choice-for-happy-time-100s-1\/"]}]},{"@type":"ImageObject","inLanguage":"en-US","@id":"https:\/\/www.triplex.pl\/en\/wholesale\/cakes\/f3-category-cakes\/txb553-great-choice-for-happy-time-100s-1\/#primaryimage","url":"https:\/\/www.triplex.pl\/wp-content\/uploads\/2022\/01\/TXB553-strona.png","contentUrl":"https:\/\/www.triplex.pl\/wp-content\/uploads\/2022\/01\/TXB553-strona.png","width":600,"height":600},{"@type":"BreadcrumbList","@id":"https:\/\/www.triplex.pl\/en\/wholesale\/cakes\/f3-category-cakes\/txb553-great-choice-for-happy-time-100s-1\/#breadcrumb","itemListElement":[{"@type":"ListItem","position":1,"name":"Strona g\u0142\u00f3wna","item":"https:\/\/www.triplex.pl\/en\/"},{"@type":"ListItem","position":2,"name":"Product Catalog","item":"https:\/\/www.triplex.pl\/en\/wholesale\/"},{"@type":"ListItem","position":3,"name":"TXB553 GREAT CHOICE FOR HAPPY TIME 100S 1&#8243;"}]},{"@type":"WebSite","@id":"https:\/\/www.triplex.pl\/#website","url":"https:\/\/www.triplex.pl\/","name":"Triplex Pyrotechnics - fireworks, fireworks display, crackers, confetti","description":"Triplex Pyrotechnics - fireworks, fireworks display, crackers, confetti","publisher":{"@id":"https:\/\/www.triplex.pl\/#organization"},"potentialAction":[{"@type":"SearchAction","target":{"@type":"EntryPoint","urlTemplate":"https:\/\/www.triplex.pl\/?s={search_term_string}"},"query-input":{"@type":"PropertyValueSpecification","valueRequired":true,"valueName":"search_term_string"}}],"inLanguage":"en-US"},{"@type":"Organization","@id":"https:\/\/www.triplex.pl\/#organization","name":"Triplex Sp z o.o.","url":"https:\/\/www.triplex.pl\/","logo":{"@type":"ImageObject","inLanguage":"en-US","@id":"https:\/\/www.triplex.pl\/#\/schema\/logo\/image\/","url":"https:\/\/i2.wp.com\/www.triplex.pl\/wp-content\/uploads\/2016\/03\/logo-1.png?fit=244%2C69&ssl=1","contentUrl":"https:\/\/i2.wp.com\/www.triplex.pl\/wp-content\/uploads\/2016\/03\/logo-1.png?fit=244%2C69&ssl=1","width":244,"height":69,"caption":"Triplex Sp z o.o."},"image":{"@id":"https:\/\/www.triplex.pl\/#\/schema\/logo\/image\/"},"sameAs":["https:\/\/www.facebook.com\/TriplexFajerwerki","https:\/\/www.youtube.com\/user\/TriplexFajerwerki"]}]}},"_links":{"self":[{"href":"https:\/\/www.triplex.pl\/en\/wp-json\/wp\/v2\/product\/46902","targetHints":{"allow":["GET"]}}],"collection":[{"href":"https:\/\/www.triplex.pl\/en\/wp-json\/wp\/v2\/product"}],"about":[{"href":"https:\/\/www.triplex.pl\/en\/wp-json\/wp\/v2\/types\/product"}],"wp:featuredmedia":[{"embeddable":true,"href":"https:\/\/www.triplex.pl\/en\/wp-json\/wp\/v2\/media\/46619"}],"wp:attachment":[{"href":"https:\/\/www.triplex.pl\/en\/wp-json\/wp\/v2\/media?parent=46902"}],"wp:term":[{"taxonomy":"product_cat","embeddable":true,"href":"https:\/\/www.triplex.pl\/en\/wp-json\/wp\/v2\/product_cat?post=46902"},{"taxonomy":"product_tag","embeddable":true,"href":"https:\/\/www.triplex.pl\/en\/wp-json\/wp\/v2\/product_tag?post=46902"}],"curies":[{"name":"wp","href":"https:\/\/api.w.org\/{rel}","templated":true}]}}